{"id":1755,"date":"2017-05-16T15:55:07","date_gmt":"2017-05-16T13:55:07","guid":{"rendered":"https:\/\/lucasschelling.ch\/?page_id=1755"},"modified":"2026-04-16T13:09:19","modified_gmt":"2026-04-16T11:09:19","slug":"mentions-legales","status":"publish","type":"page","link":"https:\/\/lucasschelling.ch\/fr\/mentions-legales\/","title":{"rendered":"MENTIONS L\u00c9GALES"},"content":{"rendered":"<p><strong>Contact<\/strong><\/p>\n<p>Lucas Schelling<br \/>\nHuswisenstrasse 4<br \/>\nCH-8426 Lufingen ZH<br \/>\ninfo@lucasschelling.ch<\/p>\n<p><strong>Clause de non-responsabilit\u00e9<\/strong><\/p>\n<p>Lucas Schelling, en tant qu&#8217;auteur de ce site web, n&#8217;assume aucune garantie quant \u00e0 l&#8217;exactitude, la pr\u00e9cision, l&#8217;actualit\u00e9, la fiabilit\u00e9 et l&#8217;exhaustivit\u00e9 des informations.<\/p>\n<p>Les demandes de responsabilit\u00e9 \u00e0 l&#8217;encontre de l&#8217;auteur pour des dommages mat\u00e9riels ou immat\u00e9riels r\u00e9sultant de l&#8217;acc\u00e8s, de l&#8217;utilisation ou de la non-utilisation des informations publi\u00e9es, de l&#8217;abus de la connexion ou de dysfonctionnements techniques, sont exclues.<\/p>\n<p>Toutes les offres sont non contraignantes. L&#8217;auteur se r\u00e9serve express\u00e9ment le droit de modifier, de compl\u00e9ter, de supprimer des parties du site ou l&#8217;ensemble de l&#8217;offre sans pr\u00e9avis, ou de cesser la publication temporairement ou d\u00e9finitivement.<\/p>\n<p><strong>Responsabilit\u00e9 des liens<\/strong><\/p>\n<p>Les r\u00e9f\u00e9rences et liens vers des sites web de tiers se situent en dehors de la responsabilit\u00e9 de l&#8217;auteur. Toute responsabilit\u00e9 pour de tels sites web est rejet\u00e9e. L&#8217;acc\u00e8s et l&#8217;utilisation de tels sites web se font aux risques et p\u00e9rils de l&#8217;utilisateur.<\/p>\n<p><strong>Droits d&#8217;auteur<\/strong><\/p>\n<p>Les droits d&#8217;auteur et tous les autres droits sur le contenu, les images, les photos ou autres fichiers sur le site appartiennent exclusivement \u00e0 Lucas Schelling. La reproduction de tout \u00e9l\u00e9ment n\u00e9cessite le consentement \u00e9crit pr\u00e9alable de l&#8217;auteur.<\/p>\n<p>Toute violation des droits d&#8217;auteur peut \u00eatre sanctionn\u00e9e conform\u00e9ment \u00e0 la loi suisse sur le droit d&#8217;auteur (LDU 231.1) et peut entra\u00eener des poursuites judiciaires si n\u00e9cessaire.<\/p>\n<p><strong>Protection des donn\u00e9es<\/strong><\/p>\n<p>Conform\u00e9ment \u00e0 l&#8217;article 13 de la Constitution f\u00e9d\u00e9rale suisse sur la protection de la vie priv\u00e9e, toute personne a droit au respect de sa vie priv\u00e9e, familiale, de sa correspondance et des communications t\u00e9l\u00e9phoniques. De plus, chaque personne a droit \u00e0 la protection contre l&#8217;abus de ses donn\u00e9es personnelles. Lucas Schelling se conforme aux dispositions de protection des donn\u00e9es de la Conf\u00e9d\u00e9ration (Loi f\u00e9d\u00e9rale sur la protection des donn\u00e9es, LPD), selon lesquelles toute personne a droit \u00e0 la protection de sa vie priv\u00e9e et \u00e0 la protection contre l&#8217;abus de ses donn\u00e9es personnelles. Les donn\u00e9es personnelles sont trait\u00e9es de mani\u00e8re strictement confidentielle par Lucas Schelling et ne sont ni vendues \u00e0 des tiers, ni transmises \u00e0 d&#8217;autres personnes sans une ordonnance judiciaire.<\/p>\n<p><strong>Juridiction<\/strong><\/p>\n<p>En cas de litige, y compris en relation avec l&#8217;achat d&#8217;images et d&#8217;\u0153uvres de Lucas Schelling, seule la loi suisse s&#8217;applique. La juridiction est CH-8180 B\u00fclach ZH.<\/p>\n","protected":false},"excerpt":{"rendered":"<p>Contact Lucas Schelling Huswisenstrasse 4 CH-8426 Lufingen ZH info@lucasschelling.ch Clause de non-responsabilit\u00e9 Lucas Schelling, en tant qu&#8217;auteur de ce site web, n&#8217;assume aucune garantie quant \u00e0 l&#8217;exactitude, la pr\u00e9cision, l&#8217;actualit\u00e9, la fiabilit\u00e9 et l&#8217;exhaustivit\u00e9 des informations. Les demandes de responsabilit\u00e9 \u00e0 l&#8217;encontre de l&#8217;auteur pour des dommages mat\u00e9riels ou immat\u00e9riels r\u00e9sultant de l&#8217;acc\u00e8s, de l&#8217;utilisation [&hellip;]<\/p>\n<a href=\"https:\/\/lucasschelling.ch\/fr\/mentions-legales\/\"> Read More...<\/a>","protected":false},"author":1,"featured_media":0,"parent":0,"menu_order":0,"comment_status":"closed","ping_status":"closed","template":"","meta":{"footnotes":""},"class_list":["post-1755","page","type-page","status-publish","hentry"],"lang":"fr","translations":{"fr":1755,"de":1749,"pt":1753,"en":1751},"pll_sync_post":[],"_links":{"self":[{"href":"https:\/\/lucasschelling.ch\/wp-json\/wp\/v2\/pages\/1755","targetHints":{"allow":["GET"]}}],"collection":[{"href":"https:\/\/lucasschelling.ch\/wp-json\/wp\/v2\/pages"}],"about":[{"href":"https:\/\/lucasschelling.ch\/wp-json\/wp\/v2\/types\/page"}],"author":[{"embeddable":true,"href":"https:\/\/lucasschelling.ch\/wp-json\/wp\/v2\/users\/1"}],"replies":[{"embeddable":true,"href":"https:\/\/lucasschelling.ch\/wp-json\/wp\/v2\/comments?post=1755"}],"version-history":[{"count":1,"href":"https:\/\/lucasschelling.ch\/wp-json\/wp\/v2\/pages\/1755\/revisions"}],"predecessor-version":[{"id":2566517,"href":"https:\/\/lucasschelling.ch\/wp-json\/wp\/v2\/pages\/1755\/revisions\/2566517"}],"wp:attachment":[{"href":"https:\/\/lucasschelling.ch\/wp-json\/wp\/v2\/media?parent=1755"}],"curies":[{"name":"wp","href":"https:\/\/api.w.org\/{rel}","templated":true}]}}